{"id":3168,"date":"2025-05-05T18:47:55","date_gmt":"2025-05-05T16:47:55","guid":{"rendered":"https:\/\/bovinscadolles.com\/?page_id=3168"},"modified":"2025-07-22T13:02:02","modified_gmt":"2025-07-22T11:02:02","slug":"politica-de-privacidad","status":"publish","type":"page","link":"https:\/\/bovinscadolles.com\/es\/politica-de-privacidad\/","title":{"rendered":"Pol\u00edtica de Privacidad"},"content":{"rendered":"<div>\n<div>\n<h2 style=\"text-align: center;\">POL\u00cdTICA DE PRIVACIDAD<\/h2>\n<\/div>\n<div>En cumplimiento del Cap\u00edtulo II de la Ley 34\/2002, LSSICE, le informamos que la presente p\u00e1gina web es propiedad de <strong>Bovins Cadolles S.L.<\/strong>, en adelante tambi\u00e9n el Prestador, domiciliada en <b>C\/ LA PLANA 51 ALTELL<\/b>, con CIF <strong>B25406661<\/strong>, tel\u00e9fono de contacto: <b>+34 973 44 80 78<\/b>, y correo electr\u00f3nico: <b>bovinscadolles.com<\/b>. <strong>Bovins Cadolles S.L.<\/strong>, como responsable del presente sitio web y de conformidad con lo dispuesto en la normativa vigente en materia de protecci\u00f3n de datos personales, el Reglamento (UE) 2016\/679 de 27 de abril de 2016 (RGPD) relativo a la protecci\u00f3n de las personas f\u00edsicas en lo que respecta al tratamiento de datos personales y a la libre circulaci\u00f3n de estos datos, la Ley Org\u00e1nica 15\/1999, de 13 de diciembre, de Protecci\u00f3n de Datos de Car\u00e1cter Personal (LOPD) y la Ley 34\/2002, de 11 de julio, de Servicios de la Sociedad de la Informaci\u00f3n y del Comercio Electr\u00f3nico (LSSICE), ha implementado todas las medidas de seguridad, de \u00edndole t\u00e9cnica y organizativa, establecidas en el Real Decreto 1720\/2007 de 21 de diciembre (que desarrolla la LOPD) para garantizar y proteger la confidencialidad, integridad y disponibilidad de los datos introducidos.<br \/>\nA efectos de lo previsto en la LOPD, <strong>Bovins Cadolles S.L.<\/strong> le informa que los datos que voluntariamente nos est\u00e1 facilitando ser\u00e1n incorporados a nuestros sistemas de informaci\u00f3n con la finalidad de realizar las gestiones comerciales y administrativas necesarias con los usuarios de la web. Las operaciones previstas para realizar los tratamientos son las siguientes: responder a las consultas y\/o proporcionar informaciones requeridas por el Usuario; realizar las prestaciones de servicios y\/o productos contratados o suscritos por el Usuario; realizar todas aquellas actividades propias de <strong>Bovins Cadolles S.L.<\/strong>\u00a0descritas en este aviso legal; y enviar el bolet\u00edn de noticias de la p\u00e1gina web.<br \/>\nEl firmante garantiza la veracidad de los datos aportados y se compromete a comunicar cualquier cambio que se produzca en los mismos.<br \/>\nEl Prestador, mediante asterisco (*) en las casillas correspondientes del formulario de contacto, informa de esta obligatoriedad al Usuario, indicando qu\u00e9 datos son necesarios.<br \/>\nMediante la indicaci\u00f3n e introducci\u00f3n de los datos, el Usuario otorga el consentimiento inequ\u00edvoco a <strong>Bovins Cadolles S.L.<\/strong>\u00a0para que proceda al tratamiento de los datos facilitados en pro de las finalidades mencionadas.<br \/>\nNo facilitar los datos personales solicitados o no aceptar la presente pol\u00edtica de protecci\u00f3n de datos supone la imposibilidad de suscribirse, registrarse o recibir informaci\u00f3n de los productos y servicios del prestador.<br \/>\nDe conformidad con lo dispuesto en las normativas vigentes en protecci\u00f3n de datos personales, el prestador est\u00e1 cumpliendo con todas las disposiciones del RGPD y la LOPD para el tratamiento de los datos personales de su responsabilidad, y manifiestamente con los principios descritos en el art. 5 del RGPD y en el art. 4 de la LOPD, por los cuales son tratados de manera l\u00edcita, leal y transparente en relaci\u00f3n con el interesado y adecuados, pertinentes y limitados a lo necesario en relaci\u00f3n con los fines para los que son tratados.<br \/>\nEl Responsable garantiza que ha implementado pol\u00edticas t\u00e9cnicas y organizativas apropiadas para aplicar las medidas de seguridad que establece el RGPD y la LOPD con el fin de proteger los derechos y libertades de los Usuarios.<br \/>\nDe acuerdo con estas normativas, le informamos que tiene derecho a solicitar el acceso, rectificaci\u00f3n, portabilidad y supresi\u00f3n de sus datos y la limitaci\u00f3n y oposici\u00f3n a su tratamiento dirigi\u00e9ndose a Pl. del Jutge, s\/n, enviando un correo electr\u00f3nico a <b>bovinscadolles.com,<\/b>\u00a0indicando como Asunto: \u201cLOPD, Derechos ARCO\u201d, y adjuntando fotocopia de su DNI o cualquier medio an\u00e1logo en derecho, tal y como indica la ley.<br \/>\nTiene derecho a retirar el consentimiento prestado en cualquier momento. La retirada del consentimiento no afectar\u00e1 a la licitud del tratamiento efectuado antes de la retirada del consentimiento. Tambi\u00e9n tiene derecho a presentar una reclamaci\u00f3n ante la autoridad de control si considera que pueden haberse visto vulnerados sus derechos en relaci\u00f3n con la protecci\u00f3n de sus datos (agpd.es).<\/div>\n<div>\n<h3><b>CONFIDENCIALIDAD Y CESI\u00d3N DE DATOS A TERCEROS<\/b><\/h3>\n<p>Los datos que nos facilite se tratar\u00e1n de forma confidencial. El prestador ha adoptado todas las medidas t\u00e9cnicas y organizativas y todos los niveles de protecci\u00f3n necesarios para garantizar la seguridad en el tratamiento de los datos y evitar su alteraci\u00f3n, p\u00e9rdida, robo, tratamiento o acceso no autorizado, dado el estado de la tecnolog\u00eda y la naturaleza de los datos almacenados. Asimismo, se garantiza tambi\u00e9n que el tratamiento y registro en ficheros, programas, sistemas o equipos, locales y centros cumplen con los requisitos y condiciones de integridad y seguridad establecidos en la normativa vigente. <strong>Bovins Cadolles S.L.<\/strong>\u00a0no ceder\u00e1 los datos personales a terceros, salvo obligaci\u00f3n legal. No obstante, en caso de que se cedan a alg\u00fan tercero se producir\u00eda una informaci\u00f3n previa solicitando el consentimiento expreso para dicha cesi\u00f3n.<br \/>\nLa entidad responsable de la base de datos, as\u00ed como quienes intervengan en cualquier fase del tratamiento y\/o las entidades a las que se les haya comunicado -en todo caso siempre con la correspondiente autorizaci\u00f3n otorgada por el usuario-, est\u00e1n obligadas a observar el secreto profesional y a la adopci\u00f3n de los niveles de protecci\u00f3n y las medidas t\u00e9cnicas y organizativas necesarias a su alcance para garantizar la seguridad de los datos de car\u00e1cter personal, evitando, en la medida de lo posible, accesos no autorizados, modificaciones il\u00edcitas, sustracciones y\/o la p\u00e9rdida de los datos, con el fin de procurar el correspondiente nivel de seguridad de los ficheros del prestador, seg\u00fan la naturaleza y sensibilidad de los datos facilitados por los usuarios del presente Sitio Web.<\/p>\n<\/div>\n<div>\n<h3><b>ACEPTACI\u00d3N Y CONSENTIMIENTO<\/b><\/h3>\n<p>El Usuario declara haber sido informado de las condiciones sobre protecci\u00f3n de datos de car\u00e1cter personal, aceptando y consintiendo el tratamiento automatizado de los mismos por parte de <strong>Bovins Cadolles S.L.<\/strong> en la forma y para las finalidades indicadas en la presente Pol\u00edtica de Protecci\u00f3n de Datos Personales. Por tanto, al utilizar este formulario para contactar con <strong>Bovins Cadolles S.L.<\/strong>, est\u00e1 autorizando expresamente el uso de sus datos para el env\u00edo de comunicaciones comerciales, por cualquier medio (incluyendo correo electr\u00f3nico), pudiendo anular esta autorizaci\u00f3n cuando lo desee, dirigi\u00e9ndose a <strong>Bovins Cadolles S.L.<\/strong>\u00a0a trav\u00e9s de los medios establecidos.<br \/>\nA trav\u00e9s de esta Pol\u00edtica de Privacidad le informamos que las fotograf\u00edas que est\u00e9n colgadas en la web son propiedad de <strong>Bovins Cadolles S.L.<\/strong>, incluyendo las de menores, en las que, para su obtenci\u00f3n, se ha obtenido el consentimiento previo de los padres, tutores o representantes legales mediante la firma de los formularios realizados al efecto por los centros en los que los menores forman parte. No obstante, los padres, tutores o representantes de los menores, como titulares del ejercicio de los derechos de estos, y siempre mediante requerimiento formal por escrito, pueden indicar la negativa al uso de la imagen del menor; en ese caso, la imagen se mostrar\u00e1 pixelada.<\/p>\n<\/div>\n<div>\n<h3><b>EXACTITUD Y VERACIDAD DE LOS DATOS<\/b><\/h3>\n<p>El usuario es el \u00fanico responsable de la veracidad y correcci\u00f3n de los datos que remita a <strong>Bovins Cadolles S.L.<\/strong>, exonerando al Prestador de cualquier responsabilidad al respecto. Los usuarios garantizan y responden, en cualquier caso, de la exactitud, vigencia y autenticidad de los datos personales facilitados, y se comprometen a mantenerlos debidamente actualizados. El usuario acepta proporcionar informaci\u00f3n completa y correcta en el formulario de registro o suscripci\u00f3n.<\/p>\n<\/div>\n<div>\n<h3><b>CONTENIDO DE LA WEB Y ENLACES (LINKS)<\/b><\/h3>\n<p><strong>Bovins Cadolles S.L.<\/strong> se reserva el derecho a actualizar, modificar o eliminar la informaci\u00f3n contenida en la web, pudiendo incluso limitar o no permitir el acceso a la informaci\u00f3n. <strong>Bovins Cadolles S.L.<\/strong>\u00a0no asume ning\u00fan tipo de responsabilidad por la informaci\u00f3n contenida en las Webs de terceros a las que se pueda acceder por los \u00ablinks\u00bb o enlaces desde cualquier p\u00e1gina Web propiedad del prestador. La presencia de \u00ablinks\u00bb o enlaces tiene \u00fanicamente finalidad informativa y en ning\u00fan caso supone sugerencia, invitaci\u00f3n o reconocimiento sobre los mismos.<\/p>\n<\/div>\n<div>\n<h3><b>ENV\u00cdO DE CV<\/b><\/h3>\n<p>En caso de que el usuario env\u00ede su CV a trav\u00e9s de nuestra web, le informamos que los datos aportados ser\u00e1n tratados para hacerle part\u00edcipe de los procesos de selecci\u00f3n que pueda haber, llevando a cabo un an\u00e1lisis del perfil del solicitante con el objetivo de seleccionar al mejor candidato para el puesto vacante del Responsable. Le informamos que este es el \u00fanico procedimiento oficial para aceptar su curr\u00edculum, por lo que no se aceptar\u00e1n los curr\u00edculums enviados por otro procedimiento diferente. En caso de producirse alguna modificaci\u00f3n en los datos, le rogamos nos lo comunique por escrito lo antes posible, a fin de mantener sus datos debidamente actualizados. Los datos se conservar\u00e1n durante un plazo m\u00e1ximo de un a\u00f1o, transcurrido el cual se proceder\u00e1 a la supresi\u00f3n de los datos garantiz\u00e1ndole un total respeto a la confidencialidad tanto en el tratamiento como en su posterior destrucci\u00f3n. En este sentido, transcurrido dicho plazo, y si desea continuar participando en los procesos de selecci\u00f3n del Responsable, le rogamos nos remita nuevamente su curr\u00edculum. Los datos se podr\u00e1n tratar y\/o comunicar a las empresas integrantes de nuestro grupo durante el tiempo de conservaci\u00f3n de su curr\u00edculum y para los mismos fines anteriormente informados.<\/p>\n<\/div>\n<div>\n<h3><b>SUSCRIPCI\u00d3N AL BLOG DE LA EMPRESA<\/b><\/h3>\n<p>En caso de que el usuario se suscriba al blog, le informamos que los datos aportados ser\u00e1n tratados para gestionar su suscripci\u00f3n al blog informativo con aviso de actualizaci\u00f3n y que se conservar\u00e1n mientras haya un inter\u00e9s mutuo por mantener la finalidad del tratamiento. Cuando ya no sea necesario para tal fin, se suprimir\u00e1n con medidas de seguridad adecuadas para garantizar la seudonimizaci\u00f3n de los datos o destrucci\u00f3n total de los mismos. No se comunicar\u00e1n los datos a terceros, salvo obligaci\u00f3n legal.<\/p>\n<\/div>\n<div>\n<h3><b>PARTICIPACI\u00d3N EN FOROS<\/b><\/h3>\n<p>En caso de que el usuario quiera participar en los foros de la web, le informamos que los datos aportados ser\u00e1n tratados para regular su participaci\u00f3n en el mismo. Cualquier registro o transmisi\u00f3n de datos personales que el usuario de este foro facilite supone el conocimiento y aceptaci\u00f3n inequ\u00edvoca del Aviso Legal y la Pol\u00edtica de Privacidad expuestos en la p\u00e1gina web. Los datos se conservar\u00e1n mientras haya un inter\u00e9s mutuo por mantener la finalidad del tratamiento y cuando ya no sea necesario para tal fin, se suprimir\u00e1n con medidas de seguridad adecuadas para garantizar la seudonimizaci\u00f3n de los datos o destrucci\u00f3n total de los mismos. Las publicaciones se mostrar\u00e1n p\u00fablicamente a los usuarios del foro online.<\/p>\n<\/div>\n<div>\n<h3><b>PUBLICACI\u00d3N DE SU TESTIMONIO<\/b><\/h3>\n<p>En caso de que el usuario quiera publicar su opini\u00f3n en la web, le informamos que los datos aportados ser\u00e1n tratados para atender los comentarios propuestos, experiencias u opiniones respecto de los productos y\/o servicios para ser publicados en la p\u00e1gina web y as\u00ed poder ayudar a otros usuarios. Los datos se conservar\u00e1n mientras haya un inter\u00e9s mutuo por mantener la finalidad del tratamiento y cuando ya no sea necesario para tal fin, se suprimir\u00e1n con medidas de seguridad adecuadas para garantizar la seudonimizaci\u00f3n de los datos o destrucci\u00f3n total de los mismos. Los testimonios se publicar\u00e1n en nuestra p\u00e1gina web. El \u00fanico dato personal que se publicar\u00e1 del testimonio ser\u00e1 su nombre.<\/p>\n<\/div>\n<div>\n<h3><b>CAMBIOS EN LA PRESENTE POL\u00cdTICA DE PRIVACIDAD<\/b><\/h3>\n<p><b>AGROPECUARIA MONTGAI S.L.<\/b> se reserva el derecho a modificar la presente pol\u00edtica para adaptarla a novedades legislativas o jurisprudenciales.<\/p>\n<\/div>\n<div>\n<h3><b>CORREOS COMERCIALES<\/b><\/h3>\n<div><b>De acuerdo con la LSSICE, <strong>Bovins Cadolles S.L.<\/strong>\u00a0no realiza pr\u00e1cticas de SPAM, por lo tanto, no env\u00eda correos comerciales por e-mail que no hayan sido previamente solicitados o autorizados por el Usuario. En consecuencia, en cada uno de los formularios de la P\u00e1gina Web, el Usuario tiene la posibilidad de dar su consentimiento expreso para recibir nuestro Bolet\u00edn, con independencia de la informaci\u00f3n comercial puntualmente solicitada.<\/b><\/div>\n<div>\n<h3><b>LEGISLACI\u00d3N<\/b><\/h3>\n<p>Con car\u00e1cter general las relaciones entre <strong>Bovins Cadolles S.L.<\/strong>\u00a0con los Usuarios de sus servicios telem\u00e1ticos, presentes en esta Web, est\u00e1n sometidas a la legislaci\u00f3n y jurisdicci\u00f3n espa\u00f1olas a la que se someten expresamente las partes, siendo competentes para la resoluci\u00f3n de todos los conflictos derivados o relacionados con su uso los Juzgados y Tribunales de Lleida.<\/p>\n<\/div>\n<\/div>\n<\/div>\n","protected":false},"excerpt":{"rendered":"<p>POL\u00cdTICA DE PRIVACIDAD En cumplimiento del Cap\u00edtulo II de la  [&#8230;]<\/p>\n","protected":false},"author":1,"featured_media":0,"parent":0,"menu_order":0,"comment_status":"closed","ping_status":"open","template":"","meta":{"footnotes":""},"class_list":["post-3168","page","type-page","status-publish","hentry"],"yoast_head":"<!-- This site is optimized with the Yoast SEO plugin v25.5 - https:\/\/yoast.com\/wordpress\/plugins\/seo\/ -->\n<title>Pol\u00edtica de Privacidad - Bovins Cadolles<\/title>\n<meta name=\"robots\" content=\"noindex, follow, max-snippet:-1, max-image-preview:large, max-video-preview:-1\" \/>\n<meta property=\"og:locale\" content=\"es_ES\" \/>\n<meta property=\"og:type\" content=\"article\" \/>\n<meta property=\"og:title\" content=\"Pol\u00edtica de Privacidad - Bovins Cadolles\" \/>\n<meta property=\"og:description\" content=\"POL\u00cdTICA DE PRIVACIDAD En cumplimiento del Cap\u00edtulo II de la [...]\" \/>\n<meta property=\"og:url\" content=\"https:\/\/bovinscadolles.com\/es\/politica-de-privacidad\/\" \/>\n<meta property=\"og:site_name\" content=\"Bovins Cadolles\" \/>\n<meta property=\"article:modified_time\" content=\"2025-07-22T11:02:02+00:00\" \/>\n<meta name=\"twitter:card\" content=\"summary_large_image\" \/>\n<meta name=\"twitter:label1\" content=\"Tiempo de lectura\" \/>\n\t<meta name=\"twitter:data1\" content=\"11 minutos\" \/>\n<script type=\"application\/ld+json\" class=\"yoast-schema-graph\">{\"@context\":\"https:\/\/schema.org\",\"@graph\":[{\"@type\":\"WebPage\",\"@id\":\"https:\/\/bovinscadolles.com\/es\/politica-de-privacidad\/\",\"url\":\"https:\/\/bovinscadolles.com\/es\/politica-de-privacidad\/\",\"name\":\"Pol\u00edtica de Privacidad - Bovins Cadolles\",\"isPartOf\":{\"@id\":\"https:\/\/bovinscadolles.com\/es\/#website\"},\"datePublished\":\"2025-05-05T16:47:55+00:00\",\"dateModified\":\"2025-07-22T11:02:02+00:00\",\"breadcrumb\":{\"@id\":\"https:\/\/bovinscadolles.com\/es\/politica-de-privacidad\/#breadcrumb\"},\"inLanguage\":\"es\",\"potentialAction\":[{\"@type\":\"ReadAction\",\"target\":[\"https:\/\/bovinscadolles.com\/es\/politica-de-privacidad\/\"]}]},{\"@type\":\"BreadcrumbList\",\"@id\":\"https:\/\/bovinscadolles.com\/es\/politica-de-privacidad\/#breadcrumb\",\"itemListElement\":[{\"@type\":\"ListItem\",\"position\":1,\"name\":\"Inici\",\"item\":\"https:\/\/bovinscadolles.com\/es\/bovins-cadolles-agricultura-y-ganaderia\/\"},{\"@type\":\"ListItem\",\"position\":2,\"name\":\"Pol\u00edtica de Privacidad\"}]},{\"@type\":\"WebSite\",\"@id\":\"https:\/\/bovinscadolles.com\/es\/#website\",\"url\":\"https:\/\/bovinscadolles.com\/es\/\",\"name\":\"Bovins Cadolles\",\"description\":\"Agricultura i ramaderia\",\"potentialAction\":[{\"@type\":\"SearchAction\",\"target\":{\"@type\":\"EntryPoint\",\"urlTemplate\":\"https:\/\/bovinscadolles.com\/es\/?s={search_term_string}\"},\"query-input\":{\"@type\":\"PropertyValueSpecification\",\"valueRequired\":true,\"valueName\":\"search_term_string\"}}],\"inLanguage\":\"es\"}]}<\/script>\n<!-- \/ Yoast SEO plugin. -->","yoast_head_json":{"title":"Pol\u00edtica de Privacidad - Bovins Cadolles","robots":{"index":"noindex","follow":"follow","max-snippet":"max-snippet:-1","max-image-preview":"max-image-preview:large","max-video-preview":"max-video-preview:-1"},"og_locale":"es_ES","og_type":"article","og_title":"Pol\u00edtica de Privacidad - Bovins Cadolles","og_description":"POL\u00cdTICA DE PRIVACIDAD En cumplimiento del Cap\u00edtulo II de la [...]","og_url":"https:\/\/bovinscadolles.com\/es\/politica-de-privacidad\/","og_site_name":"Bovins Cadolles","article_modified_time":"2025-07-22T11:02:02+00:00","twitter_card":"summary_large_image","twitter_misc":{"Tiempo de lectura":"11 minutos"},"schema":{"@context":"https:\/\/schema.org","@graph":[{"@type":"WebPage","@id":"https:\/\/bovinscadolles.com\/es\/politica-de-privacidad\/","url":"https:\/\/bovinscadolles.com\/es\/politica-de-privacidad\/","name":"Pol\u00edtica de Privacidad - Bovins Cadolles","isPartOf":{"@id":"https:\/\/bovinscadolles.com\/es\/#website"},"datePublished":"2025-05-05T16:47:55+00:00","dateModified":"2025-07-22T11:02:02+00:00","breadcrumb":{"@id":"https:\/\/bovinscadolles.com\/es\/politica-de-privacidad\/#breadcrumb"},"inLanguage":"es","potentialAction":[{"@type":"ReadAction","target":["https:\/\/bovinscadolles.com\/es\/politica-de-privacidad\/"]}]},{"@type":"BreadcrumbList","@id":"https:\/\/bovinscadolles.com\/es\/politica-de-privacidad\/#breadcrumb","itemListElement":[{"@type":"ListItem","position":1,"name":"Inici","item":"https:\/\/bovinscadolles.com\/es\/bovins-cadolles-agricultura-y-ganaderia\/"},{"@type":"ListItem","position":2,"name":"Pol\u00edtica de Privacidad"}]},{"@type":"WebSite","@id":"https:\/\/bovinscadolles.com\/es\/#website","url":"https:\/\/bovinscadolles.com\/es\/","name":"Bovins Cadolles","description":"Agricultura i ramaderia","potentialAction":[{"@type":"SearchAction","target":{"@type":"EntryPoint","urlTemplate":"https:\/\/bovinscadolles.com\/es\/?s={search_term_string}"},"query-input":{"@type":"PropertyValueSpecification","valueRequired":true,"valueName":"search_term_string"}}],"inLanguage":"es"}]}},"_links":{"self":[{"href":"https:\/\/bovinscadolles.com\/es\/wp-json\/wp\/v2\/pages\/3168","targetHints":{"allow":["GET"]}}],"collection":[{"href":"https:\/\/bovinscadolles.com\/es\/wp-json\/wp\/v2\/pages"}],"about":[{"href":"https:\/\/bovinscadolles.com\/es\/wp-json\/wp\/v2\/types\/page"}],"author":[{"embeddable":true,"href":"https:\/\/bovinscadolles.com\/es\/wp-json\/wp\/v2\/users\/1"}],"replies":[{"embeddable":true,"href":"https:\/\/bovinscadolles.com\/es\/wp-json\/wp\/v2\/comments?post=3168"}],"version-history":[{"count":4,"href":"https:\/\/bovinscadolles.com\/es\/wp-json\/wp\/v2\/pages\/3168\/revisions"}],"predecessor-version":[{"id":3257,"href":"https:\/\/bovinscadolles.com\/es\/wp-json\/wp\/v2\/pages\/3168\/revisions\/3257"}],"wp:attachment":[{"href":"https:\/\/bovinscadolles.com\/es\/wp-json\/wp\/v2\/media?parent=3168"}],"curies":[{"name":"wp","href":"https:\/\/api.w.org\/{rel}","templated":true}]}}